{"id":7,"date":"2020-10-19T20:18:03","date_gmt":"2020-10-19T20:18:03","guid":{"rendered":"https:\/\/www.msd-vietnam.com\/vietnamese\/?page_id=7"},"modified":"2025-04-22T08:54:07","modified_gmt":"2025-04-22T08:54:07","slug":"home","status":"publish","type":"page","link":"https:\/\/www.msd-vietnam.com\/vietnamese\/","title":{"rendered":"Home"},"content":{"rendered":"<div id=\"mco-title-block-block_1517cf031bdb29d09fc4a5c3c547c0a7\" \n\t class=\"mco-title-block mccberg-block\" \n\t \t >\n\t<div class=\"wrapper\">\n\t\t<div class=\"mco-title-block-content\">\n\t\t\t\n\t\t\t<h2 class=\"mco-title-block-title\">Ch\u00fang t\u00f4i ph\u00e1t minh v\u00ec cu\u1ed9c s\u1ed1ng<\/h2>\n\n\t\t\t\t\t\t\t<p class=\"mco-title-block-description\"><p>Ch\u00fang t\u00f4i theo \u0111u\u1ed5i khoa h\u1ecdc nh\u1eb1m gi\u1ea3i quy\u1ebft m\u1ed9t v\u00e0i nguy c\u01a1 nghi\u00eam tr\u1ecdng nh\u1ea5t \u0111e d\u1ecda s\u1ee9c kh\u1ecfe th\u1ebf gi\u1edbi. Nh\u01b0ng \u0111\u1eebng ch\u1ec9 nghe t\u1eeb ch\u00fang t\u00f4i \u2013 h\u00e3y xem nh\u00e2n vi\u00ean v\u00e0 b\u1ec7nh nh\u00e2n c\u1ee7a ch\u00fang t\u00f4i n\u00f3i g\u00ec.<\/p>\n<\/p>\n\t\t\t\t\t\t\n\t\t\t\t\t<\/div>\n\t<\/div>\n<\/div>\n\n<div id=\"mco-b5-content-block-block_5f14bd990d0be751bd8211b111becdef\"\n     class=\"mco-b5-content-block mccberg-block negative left\">\n    <div class=\"wrapper\">\n\t\t\t\t\t\t\t            <div class=\"mco-b5-content-block-image-section \">\n\t\t\t\t                <picture >\n                                                                        <source media=\"(max-width: 767px)\"\n                                    data-srcset=\"https:\/\/www.msd-vietnam.com\/vietnamese\/wp-content\/uploads\/sites\/32\/2020\/10\/Patient-Caregiver-02.jpg?resize=696,425\"\n                                    srcset=\"https:\/\/www.msd-vietnam.com\/vietnamese\/wp-content\/uploads\/sites\/32\/2020\/10\/Patient-Caregiver-02.jpg?resize=696,425\" \/>\n                                                                                                <source media=\"(min-width: 768px) and (max-width: 1199px)\"\n                                    data-srcset=\"https:\/\/www.msd-vietnam.com\/vietnamese\/wp-content\/uploads\/sites\/32\/2020\/10\/Patient-Caregiver-02.jpg?resize=384,468\"\n                                    srcset=\"https:\/\/www.msd-vietnam.com\/vietnamese\/wp-content\/uploads\/sites\/32\/2020\/10\/Patient-Caregiver-02.jpg?resize=384,468\" \/>\n                                                                                                <source media=\"(min-width: 1200px)\"\n                                    data-srcset=\"https:\/\/www.msd-vietnam.com\/vietnamese\/wp-content\/uploads\/sites\/32\/2020\/10\/Patient-Caregiver-02.jpg?resize=750,650\"\n                                    srcset=\"https:\/\/www.msd-vietnam.com\/vietnamese\/wp-content\/uploads\/sites\/32\/2020\/10\/Patient-Caregiver-02.jpg?resize=750,650\" \/>\n                                                                                                <source media=\"(min-width: 1600px)\"\n                                    data-srcset=\"https:\/\/www.msd-vietnam.com\/vietnamese\/wp-content\/uploads\/sites\/32\/2020\/10\/Patient-Caregiver-02.jpg?resize=850,744\"\n                                    srcset=\"https:\/\/www.msd-vietnam.com\/vietnamese\/wp-content\/uploads\/sites\/32\/2020\/10\/Patient-Caregiver-02.jpg?resize=850,744\" \/>\n                                                                                                <source media=\"(min-width: 1920px)\"\n                                    data-srcset=\"https:\/\/www.msd-vietnam.com\/vietnamese\/wp-content\/uploads\/sites\/32\/2020\/10\/Patient-Caregiver-02.jpg?resize=980,832\"\n                                    srcset=\"https:\/\/www.msd-vietnam.com\/vietnamese\/wp-content\/uploads\/sites\/32\/2020\/10\/Patient-Caregiver-02.jpg?resize=980,832\" \/>\n                                                                                                <img\n                                data-src=\"https:\/\/www.msd-vietnam.com\/vietnamese\/wp-content\/uploads\/sites\/32\/2020\/10\/Patient-Caregiver-02.jpg?resize=650,544\"\n                                alt=\"\"\n                                class=\"lazyload parallax-scroll\"\n                                loading=\"lazy\"\n                            \/>\n                                                            <\/picture>\n\t\t\t\t            <\/div>\n\t\t        <div class=\"mco-b5-content-block-content-section\">\n\t\t\t                <small class=\"tagline\">B\u1ec7nh nh\u00e2n v\u00e0 ng\u01b0\u1eddi ch\u0103m s\u00f3c<\/small>\n\t\t\t\n\t\t\t                <h3 class=\"mco-b5-content-block-heading mcc-b5-normal-title\">\n                    S\u1ee9c kh\u1ecfe v\u00e0 h\u1ea1nh ph\u00fac c\u1ee7a b\u1ea1n l\u00e0 m\u1ee5c ti\u00eau c\u1ee7a ch\u00fang t\u00f4i                <\/h3 >\n\t\t\t\n\t\t\t                <div class=\"mco-b5-content-block-description\"><p>Ch\u00fang t\u00f4i l\u00e0m vi\u1ec7c ch\u0103m ch\u1ec9 \u0111\u1ec3 \u0111em \u0111\u1ebfn cho b\u1ea1n thu\u1ed1c v\u00e0 v\u1eafc xin gi\u00fap ch\u1ed1ng l\u1ea1i m\u1ed9t s\u1ed1 quan ng\u1ea1i y t\u1ebf nghi\u00eam tr\u1ecdng nh\u1ea5t m\u00e0 t\u1ea5t c\u1ea3 ch\u00fang ta \u0111ang \u0111\u1ed1i m\u1eb7t.<\/p>\n<\/div>\n\t\t\t\n                        <div class=\"mco-b5-content-block-content-buttons-container\">\n\t\t\t\t\t\t\t\t\t\t\t\t            <\/div>\n        <\/div>\n    <\/div>\n<\/div>\n<div class=\"mco-b5-content-block-modal popup\" style=\"display: none;\" role=\"dialog\" >\n    <div class=\"popup-wrapper\">\n        <div class=\"mco-b5-content-block-modal-content popup-content\">\n            <button class=\"mco-b5-content-block-modal-close popup-close\" >&times;<\/button>\n            <div class=\"mco-b5-content-block-modal-video\"><\/div>\n        <\/div>\n    <\/div>\n<\/div>\n\n\n<link rel='stylesheet' id='mccberg-related-links-module-css-css' href='https:\/\/www.msd-vietnam.com\/vietnamese\/wp-content\/themes\/cex-wpvip-mhh-mhh2-mcc-theme\/blocks\/mccberg\/related-links\/css\/style.min.css?ver=1777901227' media='all' \/>\n\n<div class=\"mccberg-block wp-block-mccberg-related-links mccberg-related-link\"><div class=\"coporateberg-related-link-header-container\"><h2 class=\"mccberg-related-link-header\">Nh\u1eefng l\u0129nh v\u1ef1c t\u1eadp trung c\u1ee7a ch\u00fang t\u00f4i<\/h2><p class=\"mccberg-related-link-description\">Ch\u00fang t\u00f4i t\u1eadp trung v\u00e0o ph\u00e1t minh khoa h\u1ecdc \u0111\u1ec3 mang \u0111\u1ebfn thu\u1ed1c v\u00e0 v\u1eafc xin nh\u1eb1m gi\u00fap h\u00e0ng tri\u1ec7u ng\u01b0\u1eddi tr\u00ean th\u1ebf gi\u1edbi<\/p><p class=\"mccberg-related-link-cta\"><a class=\"btn\" href=\"\"><\/a><\/p><\/div><div class=\"mccberg-related-link-content-container\"><div class=\"mccberg-related-link-container-wrapper\"><div class=\"mccberg-related-link-container first-link\"><h4>Ung th\u01b0<\/h4><i class=\"mccberg-related-link-closed\"><\/i><i class=\"mccberg-related-link-opened\"><\/i><\/div><div class=\"mccberg-related-link-expanded\"><picture><source media=\"(max-width: 767px)\" data-srcset=\"https:\/\/www.msd-vietnam.com\/vietnamese\/wp-content\/uploads\/sites\/32\/2020\/10\/oncology.jpeg?resize=321,214\"\/><source media=\"(min-width: 768px) and (max-width: 1279px)\" data-srcset=\"https:\/\/www.msd-vietnam.com\/vietnamese\/wp-content\/uploads\/sites\/32\/2020\/10\/oncology.jpeg?resize=656,437\"\/><source media=\"(min-width: 1280px)\" data-srcset=\"https:\/\/www.msd-vietnam.com\/vietnamese\/wp-content\/uploads\/sites\/32\/2020\/10\/oncology.jpeg?resize=778,519\"\/><img data-src=\"https:\/\/www.msd-vietnam.com\/vietnamese\/wp-content\/uploads\/sites\/32\/2020\/10\/oncology.jpeg?resize=778,519\" class=\"mccberg-related-link-link-image lazyload\" loading=\"lazy\" alt=\"Ung th\u01b0\"\/><\/picture><h4>Ung th\u01b0<\/h4><p>S\u1ee9 m\u1ec7nh c\u1ee7a ch\u00fang t\u00f4i l\u00e0 \u0111em \u0111\u1ebfn nh\u1eefng ph\u00e1t minh \u0111\u1ec3 k\u00e9o d\u00e0i v\u00e0 c\u1ea3i thi\u1ec7n cu\u1ed9c s\u1ed1ng c\u1ee7a ng\u01b0\u1eddi m\u1eafc ung th\u01b0\n<\/p><p><a class=\"btn secondary\" href=\"\" title=\"\" rel=\"noopener noreferrer\" target=\"_blank\"><\/a><\/p><\/div><\/div><div class=\"mccberg-related-link-container-wrapper\"><div class=\"mccberg-related-link-container \"><h4>V\u1eafc xin<\/h4><i class=\"mccberg-related-link-closed\"><\/i><i class=\"mccberg-related-link-opened\"><\/i><\/div><div class=\"mccberg-related-link-expanded\"><picture><source media=\"(max-width: 767px)\" data-srcset=\"https:\/\/www.msd-vietnam.com\/vietnamese\/wp-content\/uploads\/sites\/32\/2020\/10\/vaccines.jpeg?resize=321,214\"\/><source media=\"(min-width: 768px) and (max-width: 1279px)\" data-srcset=\"https:\/\/www.msd-vietnam.com\/vietnamese\/wp-content\/uploads\/sites\/32\/2020\/10\/vaccines.jpeg?resize=656,437\"\/><source media=\"(min-width: 1280px)\" data-srcset=\"https:\/\/www.msd-vietnam.com\/vietnamese\/wp-content\/uploads\/sites\/32\/2020\/10\/vaccines.jpeg?resize=778,519\"\/><img data-src=\"https:\/\/www.msd-vietnam.com\/vietnamese\/wp-content\/uploads\/sites\/32\/2020\/10\/vaccines.jpeg?resize=778,519\" class=\"mccberg-related-link-link-image lazyload\" loading=\"lazy\" alt=\"V\u1eafc xin\"\/><\/picture><h4>V\u1eafc xin<\/h4><p>V\u1eafc xin l\u00e0 m\u1ed9t trong nh\u1eefng c\u00e2u chuy\u1ec7n y t\u1ebf c\u00f4ng c\u1ed9ng th\u00e0nh c\u00f4ng v\u0129 \u0111\u1ea1i nh\u1ea5t \u2013 v\u00e0 h\u01a1n 100 n\u0103m qua, ch\u00fang t\u00f4i \u0111\u00e3 v\u00e0 \u0111ang kh\u00e1m ph\u00e1, ph\u00e1t tri\u1ec3n v\u00e0 \u0111em \u0111\u1ebfn nh\u1eefng v\u1eafc xin gi\u00fap ng\u0103n ng\u1eeba b\u1ec7nh t\u1eadt.<\/p><p><a class=\"btn secondary\" href=\"\" title=\"\" rel=\"noopener noreferrer\" target=\"_blank\"><\/a><\/p><\/div><\/div><div class=\"mccberg-related-link-container-wrapper\"><div class=\"mccberg-related-link-container \"><h4>B\u1ec7nh truy\u1ec1n nhi\u1ec5m<\/h4><i class=\"mccberg-related-link-closed\"><\/i><i class=\"mccberg-related-link-opened\"><\/i><\/div><div class=\"mccberg-related-link-expanded\"><picture><source media=\"(max-width: 767px)\" data-srcset=\"https:\/\/www.msd-vietnam.com\/vietnamese\/wp-content\/uploads\/sites\/32\/2025\/04\/Celebration-of-life_kids-elbow-bumping-tennis-instructor_hi_300dpi.jpg?resize=321,214\"\/><source media=\"(min-width: 768px) and (max-width: 1279px)\" data-srcset=\"https:\/\/www.msd-vietnam.com\/vietnamese\/wp-content\/uploads\/sites\/32\/2025\/04\/Celebration-of-life_kids-elbow-bumping-tennis-instructor_hi_300dpi.jpg?resize=656,437\"\/><source media=\"(min-width: 1280px)\" data-srcset=\"https:\/\/www.msd-vietnam.com\/vietnamese\/wp-content\/uploads\/sites\/32\/2025\/04\/Celebration-of-life_kids-elbow-bumping-tennis-instructor_hi_300dpi.jpg?resize=778,519\"\/><img data-src=\"https:\/\/www.msd-vietnam.com\/vietnamese\/wp-content\/uploads\/sites\/32\/2025\/04\/Celebration-of-life_kids-elbow-bumping-tennis-instructor_hi_300dpi.jpg?resize=778,519\" class=\"mccberg-related-link-link-image lazyload\" loading=\"lazy\" alt=\"B\u1ec7nh truy\u1ec1n nhi\u1ec5m\"\/><\/picture><h4>B\u1ec7nh truy\u1ec1n nhi\u1ec5m<\/h4><p>Ch\u00fang t\u00f4i \u0111\u00f3ng m\u1ed9t vai tr\u00f2 quan tr\u1ecdng trong kh\u00e1m ph\u00e1 v\u00e0 ph\u00e1t tri\u1ec3n thu\u1ed1c ph\u00e1t minh v\u00e0 v\u1eafc xin \u0111\u1ec3 \u0111i\u1ec1u tr\u1ecb v\u00e0 ph\u00f2ng ng\u1eeba b\u1ec7nh truy\u1ec1n nhi\u1ec5m, bao g\u1ed3m HIV v\u00e0 Ebola.<\/p><p><a class=\"btn secondary\" href=\"\" title=\"\" rel=\"noopener noreferrer\" target=\"_blank\"><\/a><\/p><\/div><\/div><div class=\"mccberg-related-link-container-wrapper\"><div class=\"mccberg-related-link-container \"><h4>R\u1ed1i lo\u1ea1n chuy\u1ec3n h\u00f3a &#8211; tim m\u1ea1ch<\/h4><i class=\"mccberg-related-link-closed\"><\/i><i class=\"mccberg-related-link-opened\"><\/i><\/div><div class=\"mccberg-related-link-expanded\"><picture><source media=\"(max-width: 767px)\" data-srcset=\"https:\/\/www.msd-vietnam.com\/vietnamese\/wp-content\/uploads\/sites\/32\/2025\/04\/Patient-exam-7489_HI-1.jpg?resize=321,214\"\/><source media=\"(min-width: 768px) and (max-width: 1279px)\" data-srcset=\"https:\/\/www.msd-vietnam.com\/vietnamese\/wp-content\/uploads\/sites\/32\/2025\/04\/Patient-exam-7489_HI-1.jpg?resize=656,437\"\/><source media=\"(min-width: 1280px)\" data-srcset=\"https:\/\/www.msd-vietnam.com\/vietnamese\/wp-content\/uploads\/sites\/32\/2025\/04\/Patient-exam-7489_HI-1.jpg?resize=778,519\"\/><img data-src=\"https:\/\/www.msd-vietnam.com\/vietnamese\/wp-content\/uploads\/sites\/32\/2025\/04\/Patient-exam-7489_HI-1.jpg?resize=778,519\" class=\"mccberg-related-link-link-image lazyload\" loading=\"lazy\" alt=\"R\u1ed1i lo\u1ea1n chuy\u1ec3n h\u00f3a - tim m\u1ea1ch\"\/><\/picture><h4>R\u1ed1i lo\u1ea1n chuy\u1ec3n h\u00f3a &#8211; tim m\u1ea1ch<\/h4><p>Ch\u00fang t\u00f4i quy\u1ebft t\u00e2m t\u00ecm ki\u1ebfm gi\u1ea3i ph\u00e1p cho nh\u1eefng th\u00e1ch th\u1ee9c s\u1ee9c kh\u1ecfe m\u00e3n t\u00ednh nghi\u00eam tr\u1ecdng nh\u1ea5t, nh\u01b0 b\u1ec7nh tim m\u1ea1ch v\u00e0 \u0111\u00e1i th\u00e1o \u0111\u01b0\u1eddng.<\/p><p><a class=\"btn secondary\" href=\"\" title=\"\" rel=\"noopener noreferrer\" target=\"_blank\"><\/a><\/p><\/div><\/div><div class=\"mccberg-related-link-container-wrapper\"><div class=\"mccberg-related-link-container \"><h4>Kh\u00e1m ph\u00e1 &amp; ph\u00e1t tri\u1ec3n<\/h4><i class=\"mccberg-related-link-closed\"><\/i><i class=\"mccberg-related-link-opened\"><\/i><\/div><div class=\"mccberg-related-link-expanded\"><picture><source media=\"(max-width: 767px)\" data-srcset=\"https:\/\/www.msd-vietnam.com\/vietnamese\/wp-content\/uploads\/sites\/32\/2020\/10\/Hero_Discovery_01.jpg?resize=321,214\"\/><source media=\"(min-width: 768px) and (max-width: 1279px)\" data-srcset=\"https:\/\/www.msd-vietnam.com\/vietnamese\/wp-content\/uploads\/sites\/32\/2020\/10\/Hero_Discovery_01.jpg?resize=656,437\"\/><source media=\"(min-width: 1280px)\" data-srcset=\"https:\/\/www.msd-vietnam.com\/vietnamese\/wp-content\/uploads\/sites\/32\/2020\/10\/Hero_Discovery_01.jpg?resize=778,519\"\/><img data-src=\"https:\/\/www.msd-vietnam.com\/vietnamese\/wp-content\/uploads\/sites\/32\/2020\/10\/Hero_Discovery_01.jpg?resize=778,519\" class=\"mccberg-related-link-link-image lazyload\" loading=\"lazy\" alt=\"Kh\u00e1m ph\u00e1 &amp; ph\u00e1t tri\u1ec3n\"\/><\/picture><h4>Kh\u00e1m ph\u00e1 &amp; ph\u00e1t tri\u1ec3n<\/h4><p>Ch\u00fang t\u00f4i theo \u0111u\u1ed5i khoa h\u1ecdc n\u01a1i m\u00e0 ch\u00fang t\u00f4i c\u00f3 th\u1ec3 t\u1ea1o ra kh\u00e1c bi\u1ec7t to l\u1edbn nh\u1ea5t, cho hi\u1ec7n t\u1ea1i v\u00e0 trong t\u01b0\u01a1ng lai.<\/p><p><a class=\"btn secondary\" href=\"\" title=\"\" rel=\"noopener noreferrer\" target=\"_blank\"><\/a><\/p><\/div><\/div><\/div><div class=\"mccberg-related-link-image-container\"><picture><source media=\"(max-width: 767px)\" data-srcset=\"https:\/\/www.msd-vietnam.com\/vietnamese\/wp-content\/uploads\/sites\/32\/2020\/10\/oncology.jpeg?resize=321,214\"\/><source media=\"(min-width: 768px) and (max-width: 1279px)\" data-srcset=\"https:\/\/www.msd-vietnam.com\/vietnamese\/wp-content\/uploads\/sites\/32\/2020\/10\/oncology.jpeg?resize=656,437\"\/><source media=\"(min-width: 1280px)\" data-srcset=\"https:\/\/www.msd-vietnam.com\/vietnamese\/wp-content\/uploads\/sites\/32\/2020\/10\/oncology.jpeg?resize=778,519\"\/><img data-src=\"https:\/\/www.msd-vietnam.com\/vietnamese\/wp-content\/uploads\/sites\/32\/2020\/10\/oncology.jpeg?resize=778,519\" class=\"mccberg-related-link-image\" alt=\"Ung th\u01b0\"\/><\/picture><span class=\"mccberg-general-image-url\">https:\/\/www.msd-vietnam.com\/vietnamese\/wp-content\/uploads\/sites\/32\/2020\/10\/oncology.jpeg<\/span><\/div><\/div>\n\n\n<div id=\"mco-b5-content-block-block_f49961459ed39a94fd90587f5b625e98\"\n     class=\"mco-b5-content-block mccberg-block mt-2 right\">\n    <div class=\"wrapper\">\n\t\t\t\t\t\t\t            <div class=\"mco-b5-content-block-image-section \">\n\t\t\t\t                <picture >\n                                                                        <source media=\"(max-width: 767px)\"\n                                    data-srcset=\"https:\/\/www.msd-vietnam.com\/vietnamese\/wp-content\/uploads\/sites\/32\/2020\/10\/Impact-of-Global-Work-People_Harvesting-9775-1-HI_93_high.jpg?resize=696,425\"\n                                    srcset=\"https:\/\/www.msd-vietnam.com\/vietnamese\/wp-content\/uploads\/sites\/32\/2020\/10\/Impact-of-Global-Work-People_Harvesting-9775-1-HI_93_high.jpg?resize=696,425\" \/>\n                                                                                                <source media=\"(min-width: 768px) and (max-width: 1199px)\"\n                                    data-srcset=\"https:\/\/www.msd-vietnam.com\/vietnamese\/wp-content\/uploads\/sites\/32\/2020\/10\/Impact-of-Global-Work-People_Harvesting-9775-1-HI_93_high.jpg?resize=384,468\"\n                                    srcset=\"https:\/\/www.msd-vietnam.com\/vietnamese\/wp-content\/uploads\/sites\/32\/2020\/10\/Impact-of-Global-Work-People_Harvesting-9775-1-HI_93_high.jpg?resize=384,468\" \/>\n                                                                                                <source media=\"(min-width: 1200px)\"\n                                    data-srcset=\"https:\/\/www.msd-vietnam.com\/vietnamese\/wp-content\/uploads\/sites\/32\/2020\/10\/Impact-of-Global-Work-People_Harvesting-9775-1-HI_93_high.jpg?resize=750,650\"\n                                    srcset=\"https:\/\/www.msd-vietnam.com\/vietnamese\/wp-content\/uploads\/sites\/32\/2020\/10\/Impact-of-Global-Work-People_Harvesting-9775-1-HI_93_high.jpg?resize=750,650\" \/>\n                                                                                                <source media=\"(min-width: 1600px)\"\n                                    data-srcset=\"https:\/\/www.msd-vietnam.com\/vietnamese\/wp-content\/uploads\/sites\/32\/2020\/10\/Impact-of-Global-Work-People_Harvesting-9775-1-HI_93_high.jpg?resize=850,744\"\n                                    srcset=\"https:\/\/www.msd-vietnam.com\/vietnamese\/wp-content\/uploads\/sites\/32\/2020\/10\/Impact-of-Global-Work-People_Harvesting-9775-1-HI_93_high.jpg?resize=850,744\" \/>\n                                                                                                <source media=\"(min-width: 1920px)\"\n                                    data-srcset=\"https:\/\/www.msd-vietnam.com\/vietnamese\/wp-content\/uploads\/sites\/32\/2020\/10\/Impact-of-Global-Work-People_Harvesting-9775-1-HI_93_high.jpg?resize=980,832\"\n                                    srcset=\"https:\/\/www.msd-vietnam.com\/vietnamese\/wp-content\/uploads\/sites\/32\/2020\/10\/Impact-of-Global-Work-People_Harvesting-9775-1-HI_93_high.jpg?resize=980,832\" \/>\n                                                                                                <img\n                                data-src=\"https:\/\/www.msd-vietnam.com\/vietnamese\/wp-content\/uploads\/sites\/32\/2020\/10\/Impact-of-Global-Work-People_Harvesting-9775-1-HI_93_high.jpg?resize=650,544\"\n                                alt=\"\"\n                                class=\"lazyload parallax-scroll\"\n                                loading=\"lazy\"\n                            \/>\n                                                            <\/picture>\n\t\t\t\t            <\/div>\n\t\t        <div class=\"mco-b5-content-block-content-section\">\n\t\t\t\n\t\t\t                <h3 class=\"mco-b5-content-block-heading mcc-b5-normal-title\">\n                    Tr\u00e1ch nhi\u1ec7m c\u1ee7a doanh nghi\u1ec7p                <\/h3 >\n\t\t\t\n\t\t\t                <div class=\"mco-b5-content-block-description\"><p>H\u1ed7 tr\u1ee3 t\u01b0\u01a1ng lai c\u1ee7a vi\u1ec7c kinh doanh c\u1ee7a ch\u00fang t\u00f4i c\u0169ng nh\u01b0 s\u1ee9c kh\u1ecfe v\u00e0 h\u1ea1nh ph\u00fac c\u1ee7a b\u1ec7nh nh\u00e2n, con ng\u01b0\u1eddi v\u00e0 c\u1ed9ng \u0111\u1ed3ng tr\u00ean to\u00e0n th\u1ebf gi\u1edbi.<\/p>\n<\/div>\n\t\t\t\n                        <div class=\"mco-b5-content-block-content-buttons-container\">\n\t\t\t\t\t\t\t\t\t\t\t\t            <\/div>\n        <\/div>\n    <\/div>\n<\/div>\n<div class=\"mco-b5-content-block-modal popup\" style=\"display: none;\" role=\"dialog\" >\n    <div class=\"popup-wrapper\">\n        <div class=\"mco-b5-content-block-modal-content popup-content\">\n            <button class=\"mco-b5-content-block-modal-close popup-close\" >&times;<\/button>\n            <div class=\"mco-b5-content-block-modal-video\"><\/div>\n        <\/div>\n    <\/div>\n<\/div>\n\n\n\n<p><\/p>\n","protected":false},"excerpt":{"rendered":"","protected":false},"author":9,"featured_media":0,"parent":0,"menu_order":1,"comment_status":"closed","ping_status":"closed","template":"","meta":{"_acf_changed":false,"bdl_company_name":[],"bdl_item_external_link":[],"editor_notices":[],"footnotes":""},"class_list":["post-7","page","type-page","status-publish","hentry"],"yoast_head":"<!-- This site is optimized with the Yoast SEO plugin v21.9.1 - https:\/\/yoast.com\/wordpress\/plugins\/seo\/ -->\n<title>Home - MSD | Vietnam<\/title>\n<meta name=\"description\" content=\"At MSD, we&#039;re following the science to tackle some of the world&#039;s greatest health threats. Get a glimpse of how we work to improve lives.\" \/>\n<meta name=\"robots\" content=\"index, follow, max-snippet:-1, max-image-preview:large, max-video-preview:-1\" \/>\n<link rel=\"canonical\" href=\"https:\/\/www.msd-vietnam.com\/vietnamese\/\" \/>\n<meta property=\"og:locale\" content=\"en_US\" \/>\n<meta property=\"og:type\" content=\"article\" \/>\n<meta property=\"og:title\" content=\"Home - MSD | Vietnam\" \/>\n<meta property=\"og:description\" content=\"At MSD, we&#039;re following the science to tackle some of the world&#039;s greatest health threats. Get a glimpse of how we work to improve lives.\" \/>\n<meta property=\"og:url\" content=\"https:\/\/www.msd-vietnam.com\/vietnamese\/\" \/>\n<meta property=\"og:site_name\" content=\"MSD | Vietnam\" \/>\n<meta property=\"article:modified_time\" content=\"2025-04-22T08:54:07+00:00\" \/>\n<meta property=\"og:image\" content=\"https:\/\/www.msd-vietnam.com\/vietnamese\/wp-content\/uploads\/sites\/32\/2020\/10\/oncology.jpeg?resize=778,519\" \/>\n<meta name=\"twitter:card\" content=\"summary_large_image\" \/>\n<meta name=\"twitter:label1\" content=\"Est. reading time\" \/>\n\t<meta name=\"twitter:data1\" content=\"3 minutes\" \/>\n<script type=\"application\/ld+json\" class=\"yoast-schema-graph\">{\"@context\":\"https:\/\/schema.org\",\"@graph\":[{\"@type\":\"WebPage\",\"@id\":\"https:\/\/www.msd-vietnam.com\/vietnamese\/\",\"url\":\"https:\/\/www.msd-vietnam.com\/vietnamese\/\",\"name\":\"Home - MSD | Vietnam\",\"isPartOf\":{\"@id\":\"https:\/\/www.msd-vietnam.com\/vietnamese\/#website\"},\"datePublished\":\"2020-10-19T20:18:03+00:00\",\"dateModified\":\"2025-04-22T08:54:07+00:00\",\"description\":\"At MSD, we're following the science to tackle some of the world's greatest health threats. Get a glimpse of how we work to improve lives.\",\"inLanguage\":\"en-US\",\"potentialAction\":[{\"@type\":\"ReadAction\",\"target\":[\"https:\/\/www.msd-vietnam.com\/vietnamese\/\"]}]},{\"@type\":\"WebSite\",\"@id\":\"https:\/\/www.msd-vietnam.com\/vietnamese\/#website\",\"url\":\"https:\/\/www.msd-vietnam.com\/vietnamese\/\",\"name\":\"MSD | Vietnam\",\"description\":\"MSD Corporate Site\",\"potentialAction\":[{\"@type\":\"SearchAction\",\"target\":{\"@type\":\"EntryPoint\",\"urlTemplate\":\"https:\/\/www.msd-vietnam.com\/vietnamese\/?s={search_term_string}\"},\"query-input\":\"required name=search_term_string\"}],\"inLanguage\":\"en-US\"}]}<\/script>\n<!-- \/ Yoast SEO plugin. -->","yoast_head_json":{"title":"Home - MSD | Vietnam","description":"At MSD, we're following the science to tackle some of the world's greatest health threats. Get a glimpse of how we work to improve lives.","robots":{"index":"index","follow":"follow","max-snippet":"max-snippet:-1","max-image-preview":"max-image-preview:large","max-video-preview":"max-video-preview:-1"},"canonical":"https:\/\/www.msd-vietnam.com\/vietnamese\/","og_locale":"en_US","og_type":"article","og_title":"Home - MSD | Vietnam","og_description":"At MSD, we're following the science to tackle some of the world's greatest health threats. Get a glimpse of how we work to improve lives.","og_url":"https:\/\/www.msd-vietnam.com\/vietnamese\/","og_site_name":"MSD | Vietnam","article_modified_time":"2025-04-22T08:54:07+00:00","og_image":[{"url":"https:\/\/www.msd-vietnam.com\/vietnamese\/wp-content\/uploads\/sites\/32\/2020\/10\/oncology.jpeg?resize=778,519"}],"twitter_card":"summary_large_image","twitter_misc":{"Est. reading time":"3 minutes"},"schema":{"@context":"https:\/\/schema.org","@graph":[{"@type":"WebPage","@id":"https:\/\/www.msd-vietnam.com\/vietnamese\/","url":"https:\/\/www.msd-vietnam.com\/vietnamese\/","name":"Home - MSD | Vietnam","isPartOf":{"@id":"https:\/\/www.msd-vietnam.com\/vietnamese\/#website"},"datePublished":"2020-10-19T20:18:03+00:00","dateModified":"2025-04-22T08:54:07+00:00","description":"At MSD, we're following the science to tackle some of the world's greatest health threats. Get a glimpse of how we work to improve lives.","inLanguage":"en-US","potentialAction":[{"@type":"ReadAction","target":["https:\/\/www.msd-vietnam.com\/vietnamese\/"]}]},{"@type":"WebSite","@id":"https:\/\/www.msd-vietnam.com\/vietnamese\/#website","url":"https:\/\/www.msd-vietnam.com\/vietnamese\/","name":"MSD | Vietnam","description":"MSD Corporate Site","potentialAction":[{"@type":"SearchAction","target":{"@type":"EntryPoint","urlTemplate":"https:\/\/www.msd-vietnam.com\/vietnamese\/?s={search_term_string}"},"query-input":"required name=search_term_string"}],"inLanguage":"en-US"}]}},"acf":[],"_links":{"self":[{"href":"https:\/\/www.msd-vietnam.com\/vietnamese\/wp-json\/wp\/v2\/pages\/7","targetHints":{"allow":["GET"]}}],"collection":[{"href":"https:\/\/www.msd-vietnam.com\/vietnamese\/wp-json\/wp\/v2\/pages"}],"about":[{"href":"https:\/\/www.msd-vietnam.com\/vietnamese\/wp-json\/wp\/v2\/types\/page"}],"author":[{"embeddable":true,"href":"https:\/\/www.msd-vietnam.com\/vietnamese\/wp-json\/wp\/v2\/users\/9"}],"replies":[{"embeddable":true,"href":"https:\/\/www.msd-vietnam.com\/vietnamese\/wp-json\/wp\/v2\/comments?post=7"}],"version-history":[{"count":57,"href":"https:\/\/www.msd-vietnam.com\/vietnamese\/wp-json\/wp\/v2\/pages\/7\/revisions"}],"predecessor-version":[{"id":1901,"href":"https:\/\/www.msd-vietnam.com\/vietnamese\/wp-json\/wp\/v2\/pages\/7\/revisions\/1901"}],"wp:attachment":[{"href":"https:\/\/www.msd-vietnam.com\/vietnamese\/wp-json\/wp\/v2\/media?parent=7"}],"curies":[{"name":"wp","href":"https:\/\/api.w.org\/{rel}","templated":true}]}}