{"id":1824,"date":"2021-12-02T17:20:48","date_gmt":"2021-12-02T17:20:48","guid":{"rendered":"https:\/\/www.msd-vietnam.com\/vietnamese\/?page_id=1824"},"modified":"2025-08-14T07:57:03","modified_gmt":"2025-08-14T07:57:03","slug":"contact-us","status":"publish","type":"page","link":"https:\/\/www.msd-vietnam.com\/vietnamese\/contact-us\/","title":{"rendered":"Li\u00ean h\u1ec7"},"content":{"rendered":"\n<h3 class=\"wp-block-heading\"><strong>C\u1ea3m \u01a1n b\u1ea1n \u0111\u00e3 quan t\u00e2m t\u00ecm hi\u1ec3u v\u1ec1 MSD. Ch\u00fang t\u00f4i xin cung c\u1ea5p nh\u1eefng th\u00f4ng tin sau \u0111\u1ec3 thu\u1eadn ti\u1ec7n trong vi\u1ec7c gi\u1ea3i \u0111\u00e1p c\u00e1c th\u1eafc m\u1eafc c\u1ee7a b\u1ea1n<\/strong>.<\/h3>\n\n\n\n<h4 class=\"wp-block-heading\"><strong><strong>C\u00f4ng ty TNHH MSD HH Vi\u1ec7t Nam<\/strong><\/strong><br>T\u1ea7ng 16, T\u00f2a nh\u00e0 mPlaza Saigon, s\u1ed1 39 \u0111\u01b0\u1eddng L\u00ea Du\u1ea9n,<br>Ph\u01b0\u1eddng\u00a0S\u00e0i G\u00f2n, Th\u00e0nh Ph\u1ed1 H\u1ed3 Ch\u00ed Minh, Vi\u1ec7t Nam<br>\u0110i\u1ec7n tho\u1ea1i:\u00a0(+84-28) 3 915 5800<br>MST: 031 598 5784<br>\u00a0<br><strong><strong>V\u0103n ph\u00f2ng \u0111\u1ea1i di\u1ec7n C\u00f4ng ty TNHH MSD HH Vi\u1ec7t Nam t\u1ea1i H\u00e0 N\u1ed9i<\/strong><\/strong><br>T\u1ea7ng 15, Th\u00e1p 02, T\u00f2a nh\u00e0 Capital Place, s\u1ed1 29 Li\u1ec5u Giai,<br>Ph\u01b0\u1eddng Ng\u1ecdc H\u00e0, Th\u00e0nh ph\u1ed1 H\u00e0 N\u1ed9i<br>\u0110i\u1ec7n tho\u1ea1i:\u00a0(+84-24) 3782 4360<\/h4>\n","protected":false},"excerpt":{"rendered":"<p>C\u1ea3m \u01a1n b\u1ea1n \u0111\u00e3 quan t\u00e2m t\u00ecm hi\u1ec3u v\u1ec1 MSD. Ch\u00fang t\u00f4i xin cung c\u1ea5p nh\u1eefng th\u00f4ng tin sau \u0111\u1ec3 thu\u1eadn ti\u1ec7n trong vi\u1ec7c gi\u1ea3i \u0111\u00e1p c\u00e1c th\u1eafc m\u1eafc c\u1ee7a b\u1ea1n. C\u00f4ng ty TNHH MSD HH Vi\u1ec7t NamT\u1ea7ng 16, T\u00f2a nh\u00e0 mPlaza Saigon, s\u1ed1 39 \u0111\u01b0\u1eddng L\u00ea Du\u1ea9n,Ph\u01b0\u1eddng\u00a0S\u00e0i G\u00f2n, Th\u00e0nh Ph\u1ed1 H\u1ed3 Ch\u00ed Minh, Vi\u1ec7t [&hellip;]<\/p>\n","protected":false},"author":142,"featured_media":0,"parent":0,"menu_order":0,"comment_status":"closed","ping_status":"closed","template":"","meta":{"_acf_changed":false,"bdl_company_name":[],"bdl_item_external_link":[],"editor_notices":[],"footnotes":""},"class_list":["post-1824","page","type-page","status-publish","hentry"],"yoast_head":"<!-- This site is optimized with the Yoast SEO plugin v21.9.1 - https:\/\/yoast.com\/wordpress\/plugins\/seo\/ -->\n<title>Li\u00ean h\u1ec7 - MSD | Vietnam<\/title>\n<meta name=\"robots\" content=\"index, follow, max-snippet:-1, max-image-preview:large, max-video-preview:-1\" \/>\n<link rel=\"canonical\" href=\"https:\/\/www.msd-vietnam.com\/vietnamese\/contact-us\/\" \/>\n<meta property=\"og:locale\" content=\"en_US\" \/>\n<meta property=\"og:type\" content=\"article\" \/>\n<meta property=\"og:title\" content=\"Li\u00ean h\u1ec7 - MSD | Vietnam\" \/>\n<meta property=\"og:description\" content=\"C\u1ea3m \u01a1n b\u1ea1n \u0111\u00e3 quan t\u00e2m t\u00ecm hi\u1ec3u v\u1ec1 MSD. Ch\u00fang t\u00f4i xin cung c\u1ea5p nh\u1eefng th\u00f4ng tin sau \u0111\u1ec3 thu\u1eadn ti\u1ec7n trong vi\u1ec7c gi\u1ea3i \u0111\u00e1p c\u00e1c th\u1eafc m\u1eafc c\u1ee7a b\u1ea1n. C\u00f4ng ty TNHH MSD HH Vi\u1ec7t NamT\u1ea7ng 16, T\u00f2a nh\u00e0 mPlaza Saigon, s\u1ed1 39 \u0111\u01b0\u1eddng L\u00ea Du\u1ea9n,Ph\u01b0\u1eddng\u00a0S\u00e0i G\u00f2n, Th\u00e0nh Ph\u1ed1 H\u1ed3 Ch\u00ed Minh, Vi\u1ec7t [&hellip;]\" \/>\n<meta property=\"og:url\" content=\"https:\/\/www.msd-vietnam.com\/vietnamese\/contact-us\/\" \/>\n<meta property=\"og:site_name\" content=\"MSD | Vietnam\" \/>\n<meta property=\"article:modified_time\" content=\"2025-08-14T07:57:03+00:00\" \/>\n<meta name=\"twitter:card\" content=\"summary_large_image\" \/>\n<meta name=\"twitter:label1\" content=\"Est. reading time\" \/>\n\t<meta name=\"twitter:data1\" content=\"1 minute\" \/>\n<script type=\"application\/ld+json\" class=\"yoast-schema-graph\">{\"@context\":\"https:\/\/schema.org\",\"@graph\":[{\"@type\":\"WebPage\",\"@id\":\"https:\/\/www.msd-vietnam.com\/vietnamese\/contact-us\/\",\"url\":\"https:\/\/www.msd-vietnam.com\/vietnamese\/contact-us\/\",\"name\":\"Li\u00ean h\u1ec7 - MSD | Vietnam\",\"isPartOf\":{\"@id\":\"https:\/\/www.msd-vietnam.com\/vietnamese\/#website\"},\"datePublished\":\"2021-12-02T17:20:48+00:00\",\"dateModified\":\"2025-08-14T07:57:03+00:00\",\"inLanguage\":\"en-US\",\"potentialAction\":[{\"@type\":\"ReadAction\",\"target\":[\"https:\/\/www.msd-vietnam.com\/vietnamese\/contact-us\/\"]}]},{\"@type\":\"WebSite\",\"@id\":\"https:\/\/www.msd-vietnam.com\/vietnamese\/#website\",\"url\":\"https:\/\/www.msd-vietnam.com\/vietnamese\/\",\"name\":\"MSD | Vietnam\",\"description\":\"MSD Corporate Site\",\"potentialAction\":[{\"@type\":\"SearchAction\",\"target\":{\"@type\":\"EntryPoint\",\"urlTemplate\":\"https:\/\/www.msd-vietnam.com\/vietnamese\/?s={search_term_string}\"},\"query-input\":\"required name=search_term_string\"}],\"inLanguage\":\"en-US\"}]}<\/script>\n<!-- \/ Yoast SEO plugin. -->","yoast_head_json":{"title":"Li\u00ean h\u1ec7 - MSD | Vietnam","robots":{"index":"index","follow":"follow","max-snippet":"max-snippet:-1","max-image-preview":"max-image-preview:large","max-video-preview":"max-video-preview:-1"},"canonical":"https:\/\/www.msd-vietnam.com\/vietnamese\/contact-us\/","og_locale":"en_US","og_type":"article","og_title":"Li\u00ean h\u1ec7 - MSD | Vietnam","og_description":"C\u1ea3m \u01a1n b\u1ea1n \u0111\u00e3 quan t\u00e2m t\u00ecm hi\u1ec3u v\u1ec1 MSD. Ch\u00fang t\u00f4i xin cung c\u1ea5p nh\u1eefng th\u00f4ng tin sau \u0111\u1ec3 thu\u1eadn ti\u1ec7n trong vi\u1ec7c gi\u1ea3i \u0111\u00e1p c\u00e1c th\u1eafc m\u1eafc c\u1ee7a b\u1ea1n. C\u00f4ng ty TNHH MSD HH Vi\u1ec7t NamT\u1ea7ng 16, T\u00f2a nh\u00e0 mPlaza Saigon, s\u1ed1 39 \u0111\u01b0\u1eddng L\u00ea Du\u1ea9n,Ph\u01b0\u1eddng\u00a0S\u00e0i G\u00f2n, Th\u00e0nh Ph\u1ed1 H\u1ed3 Ch\u00ed Minh, Vi\u1ec7t [&hellip;]","og_url":"https:\/\/www.msd-vietnam.com\/vietnamese\/contact-us\/","og_site_name":"MSD | Vietnam","article_modified_time":"2025-08-14T07:57:03+00:00","twitter_card":"summary_large_image","twitter_misc":{"Est. reading time":"1 minute"},"schema":{"@context":"https:\/\/schema.org","@graph":[{"@type":"WebPage","@id":"https:\/\/www.msd-vietnam.com\/vietnamese\/contact-us\/","url":"https:\/\/www.msd-vietnam.com\/vietnamese\/contact-us\/","name":"Li\u00ean h\u1ec7 - MSD | Vietnam","isPartOf":{"@id":"https:\/\/www.msd-vietnam.com\/vietnamese\/#website"},"datePublished":"2021-12-02T17:20:48+00:00","dateModified":"2025-08-14T07:57:03+00:00","inLanguage":"en-US","potentialAction":[{"@type":"ReadAction","target":["https:\/\/www.msd-vietnam.com\/vietnamese\/contact-us\/"]}]},{"@type":"WebSite","@id":"https:\/\/www.msd-vietnam.com\/vietnamese\/#website","url":"https:\/\/www.msd-vietnam.com\/vietnamese\/","name":"MSD | Vietnam","description":"MSD Corporate Site","potentialAction":[{"@type":"SearchAction","target":{"@type":"EntryPoint","urlTemplate":"https:\/\/www.msd-vietnam.com\/vietnamese\/?s={search_term_string}"},"query-input":"required name=search_term_string"}],"inLanguage":"en-US"}]}},"acf":[],"_links":{"self":[{"href":"https:\/\/www.msd-vietnam.com\/vietnamese\/wp-json\/wp\/v2\/pages\/1824","targetHints":{"allow":["GET"]}}],"collection":[{"href":"https:\/\/www.msd-vietnam.com\/vietnamese\/wp-json\/wp\/v2\/pages"}],"about":[{"href":"https:\/\/www.msd-vietnam.com\/vietnamese\/wp-json\/wp\/v2\/types\/page"}],"author":[{"embeddable":true,"href":"https:\/\/www.msd-vietnam.com\/vietnamese\/wp-json\/wp\/v2\/users\/142"}],"replies":[{"embeddable":true,"href":"https:\/\/www.msd-vietnam.com\/vietnamese\/wp-json\/wp\/v2\/comments?post=1824"}],"version-history":[{"count":7,"href":"https:\/\/www.msd-vietnam.com\/vietnamese\/wp-json\/wp\/v2\/pages\/1824\/revisions"}],"predecessor-version":[{"id":1905,"href":"https:\/\/www.msd-vietnam.com\/vietnamese\/wp-json\/wp\/v2\/pages\/1824\/revisions\/1905"}],"wp:attachment":[{"href":"https:\/\/www.msd-vietnam.com\/vietnamese\/wp-json\/wp\/v2\/media?parent=1824"}],"curies":[{"name":"wp","href":"https:\/\/api.w.org\/{rel}","templated":true}]}}